{"id":1241,"date":"2018-05-27T08:28:10","date_gmt":"2018-05-27T08:28:10","guid":{"rendered":"https:\/\/www.prefbeton.ro\/?page_id=1241"},"modified":"2019-10-01T13:26:47","modified_gmt":"2019-10-01T12:26:47","slug":"terms-and-conditions","status":"publish","type":"page","link":"https:\/\/prefbeton.ro\/en\/terms-and-conditions\/","title":{"rendered":"Terms and conditions"},"content":{"rendered":"<p>Prezentul document prin continutul sau pune la dispozitia tertilor utilizatori Regulamentul privind termenii si conditiile de utilizare a site-ului <strong>Organizatia Patronala a Producatorilor de Prefabricate de Beton (prefbeton.ro).<br \/>\n<\/strong><\/p>\n<p>Site-ul prefbeton.ro este operat de societatea <strong>Organizatia Patronala a Producatorilor de Prefabricate de Beton<\/strong>, cu sediul in Bucuresti, str. Biharia 67-77, sec. 1. Utilizarea site-ului (incluzand accesul, navigarea si cumpararea produselor de pe acest site) constituie un acord implicit de respectare a termenilor si conditiilor enuntate in cuprinsul prezentului document cu toate efectele si consecintele ce decurg din aceasta.<\/p>\n<p>Administratorul site-ului\u00a0<strong>Organizatia Patronala a Producatorilor de Prefabricate de Beton (prefbeton.ro)<\/strong> isi rezerva dreptul de a modifica in orice moment continutul acestui acord, fara notificarea prealabila a persoanelor care il utilizeaza, denumite in continuare \u201eUtilizatori\u201d. Utilizatorii vor avea acces permanent la termenii si conditiile de utilizare a serviciilor, pentru a le putea consulta in orice moment.<\/p>\n<h2>Politica de confidentialitate<\/h2>\n<p>Confiden\u021bialitatea datelor tale cu caracter personal este important\u0103 pentru noi. Acest angajament de respectare a confiden\u021bialit\u0103\u021bii iti explica ce date cu caracter personal colecteaz\u0103\u00a0<strong>Organizatia Patronala a Producatorilor de Prefabricate de Beton (prefbeton.ro)<\/strong> de la tine, prin intermediul interac\u021biunilor noastre cu tine \u0219i modul \u00een care utiliz\u0103m datele respective.<\/p>\n<h3>Ce date personale colect\u0103m \u0219i de ce le colect\u0103m<\/h3>\n<p>Prin \u201edate cu caracter personal\u201d se \u00een\u021belege orice informa\u021bie privind o persoan\u0103 fizic\u0103 identificat\u0103 \u0219i, respectiv, o persoan\u0103 juridic\u0103: nume, prenume, adres\u0103 de e-mail, telefon, datele de identificare ale persoanei fizice, respectiv juridice (CNP\/CUI\/CIF), IP, datele contului bancar, date generale despre website-ul \u015fi businessul Utilizatorului\/Clientului.<\/p>\n<p>Modalit\u0103\u021bile de colectare a datelor personale utilizate de website-ul www.prefbeton.ro sunt prin intermediul formularului de contact \u0219i formularului de abonare la newsletter. Scopul colect\u0103rii acestor date cu caracter personal const\u0103 \u00een servicii de comunica\u0163ii electronice (raspunderea la solicitari, trimiterea de newslettere \u0219i alte buletine informative etc.).<\/p>\n<p>\u00cen privin\u021ba datelor pe care le colect\u0103m automat prin folosirea cookie-urilor sau a altor tehnologii similare, temeiul pentru prelucrare este consim\u021b\u0103m\u00e2ntul. Odat\u0103 cu accesarea site-ului, \u00ee\u021bi dai \u00een mod valabil consim\u021b\u0103m\u00e2ntul asupra prelucr\u0103rii.<\/p>\n<p><b><span lang=\"FR\">Noi colect\u0103m\u00a0materiale video, audio sau foto de la evenimente in scopul alcatuirii unui material foto\/audio\/video care poate fi distribuit participantilor la evenimentele Prefbeton. Prin inscrierea la eveniment si, implicit, prin acceptarea prezentului set de termeni si conditii, participantul accepta ca Prefbeton poate utiliza folografiile, materialele video sau audio create de personalul sau contractorii pe perioada evenimentelor, fara sa fie nevoie de solicitarea speciala a unui accept al participantului.<\/span><\/b><\/p>\n<h3>De ce colectam datele si cum le folosim?<\/h3>\n<h4>Formulare de contact si de comanda<\/h4>\n<p>Completarea de c\u0103tre Utilizatori a <strong>formularelor de contact <\/strong>de pe site echivaleaz\u0103 cu acceptarea necondi\u0163ionat\u0103 ca datele completate s\u0103 fie folosite strict pentru raspunsul la solicitarea intiata.<\/p>\n<p>De asemenea, vom stoca comentarii sau recenzii, dac\u0103 alegi s\u0103 le la\u0219i.<\/p>\n<h4>Cookie-uri<\/h4>\n<p>[cookie_declaration]<\/p>\n<h3>Con\u021binut \u00eenglobat de pe alte situri web<\/h3>\n<p>Articolele din acest sit pot include con\u021binut \u00eenglobat (de exemplu, videouri, imagini, articole etc.). Con\u021binutul \u00eenglobat de pe alte situri web se comporta exact la fel ca \u0219i cum vizitatorii au vizualizat un alt sit web.<\/p>\n<p>Aceste situri web pot s\u0103 colecteze date despre tine, s\u0103 foloseasc\u0103 cookie-uri, s\u0103 \u00eenglobeze urm\u0103rirea suplimentar\u0103 a ter\u021bilor \u0219i s\u0103-\u021bi monitorizeze interac\u021biunea cu con\u021binutul \u00eenglobat, inclusiv s\u0103-\u021bi urm\u0103reasc\u0103 interac\u021biunea cu con\u021binutul \u00eenglobat dac\u0103 ai un cont \u0219i e\u0219ti autentificat \u00een acel sit web.<b><\/b><\/p>\n<h3>Cu cine partaj\u0103m datele tale<\/h3>\n<p>Nu vom dezv\u0103lui informa\u0163iile tale c\u0103tre ter\u0163e p\u0103r\u0163i, pentru a fi utilizate \u00een propriile scopuri de marketing sau comerciale ale acestora, f\u0103r\u0103 consim\u0163\u0103m\u00e2ntul t\u0103u.<\/p>\n<p>Totu\u015fi, este posibil s\u0103 dezv\u0103luim informa\u0163iile tale c\u0103tre urm\u0103toarele entit\u0103\u0163i:<\/p>\n<p>Furnizori de servicii. Putem dezv\u0103lui informa\u021biile tale altor companii care ne furnizeaz\u0103 servicii \u0219i ac\u021bioneaz\u0103 \u00een calitate de persoane \u00eemputernicite, cum ar fi companiile care ne ajut\u0103 pentru facturare sau care trimit e-mailuri \u00een numele nostru.<\/p>\n<p>Aceste entit\u0103\u021bi sunt selectate cu o grij\u0103 deosebit\u0103 pentru a ne asigura c\u0103 \u00eendeplinesc cerin\u021bele specifice \u00een materie de protec\u021bie a datelor cu caracter personal.<\/p>\n<h3>C\u00e2t timp \u00ee\u021bi p\u0103str\u0103m datele<\/h3>\n<p>Dac\u0103 la\u0219i un comentariu, comentariul \u0219i metadatele lui sunt p\u0103strate pe o perioad\u0103 nedeterminat\u0103. A\u0219a putem recunoa\u0219te \u0219i aproba automat toate comentariile urm\u0103toare \u00een loc s\u0103 le \u021binem \u00eentr-o coad\u0103 pentru moderare.<\/p>\n<p>Pentru utilizatorii care se \u00eenregistreaz\u0103 pe site-ul nostru web, stoc\u0103m \u0219i informa\u021biile personale pe care le furnizeaz\u0103 \u00een profilul lor de utilizator. To\u021bi utilizatorii \u00ee\u0219i pot vedea, edita sau \u0219terge informa\u021biile personale oric\u00e2nd (dar nu \u00ee\u0219i pot schimba numele de utilizator). De asemenea, administratorii sitului web pot vedea \u0219i edita aceste informa\u021bii.<\/p>\n<p>\u00cen general, stoc\u0103m informa\u021bii despre tine at\u00e2t timp c\u00e2t avem nevoie de ele \u00een scopurile pentru care le colect\u0103m \u0219i le folosim, dar nu mai mult de 5 ani daca nu suntem obliga\u021bi din punct de vedere legal. \u00a0In cazul in care ti-am emis o factura, datele tale vor fi stocate timp de 10 ani, conform legii. In cazul in care esti un angajat al companiei, datele tale vor fi pastrate pe o perioada de 75 ani, conform Codului Muncii<\/p>\n<h3>Ce drepturi ai asupra datelor tale<\/h3>\n<p>Dac\u0103 ai un cont sau ai l\u0103sat comentarii pe acest sit web, po\u021bi cere s\u0103 prime\u0219ti un fi\u0219ier de export cu datele personale pe care le de\u021binem despre tine, inclusiv toate datele pe care ni le-ai furnizat. De asemenea, ne po\u021bi cere s\u0103 \u0219tergem toate datele personale pe care le de\u021binem despre tine. Acestea nu includ toate datele pe care suntem obliga\u021bi s\u0103 le p\u0103str\u0103m \u00een scopuri administrative, juridice sau de securitate.<\/p>\n<h3>Unde \u00ee\u021bi trimitem datele<\/h3>\n<p>Datele iti vor fi trimise prin email, dupa ce am verificat ca esti posesoru adresei de email cu care te-ai inregistrat pe site.<\/p>\n<h3>Informa\u021biile tale de contact<\/h3>\n<p>Pentru orice solicitari legate de datele dvs. personale gestionate de site-ul www.prefbeton.ro, va rugam sa ne scrieti la adresa de email privacy@prefbeton.ro<\/p>\n<p>Pentru orice ale detalii, ne puteti contacta la adresa de email office@prefbeton.ro<\/p>\n<h2>Continutul site-ului si drepturile de proprietate intelectuala<\/h2>\n<p>Continutul acestui site nu poate fi utilizat, reprodus, distribuit, transmis, expus, in alte scopuri decat cele expres si legal permise. Extragerea oricaror informatii urmata de orice utilizare in scop comercial care depaseste sfera copiei private reglementate de lege sau pentru vanzare ori licentiere si fara a avea in prealabil un consimtamant scris al titularilor drepturilor de proprietate constituie o incalcare a termenilor si conditiilor.<\/p>\n<p>Sunteti de asemenea de acord sa nu afectati si interferati in vreun fel cu elementele de securitate ale site-ului, cu elementele care previn sau restrictioneaza utilizarea, copierea unui continut sau elemente care intaresc limitele de utilizare a siteului sau a continutului acestuia.<\/p>\n<p>&nbsp;<\/p>\n","protected":false},"excerpt":{"rendered":"<p>Prezentul document prin continutul sau pune la dispozitia tertilor utilizatori Regulamentul privind termenii si conditiile de utilizare a site-ului Organizatia Patronala a Producatorilor de Prefabricate de Beton (prefbeton.ro). Site-ul prefbeton.ro este operat de societatea Organizatia Patronala a Producatorilor de Prefabricate de Beton, cu sediul in Bucuresti, str. Biharia 67-77, sec. 1. Utilizarea site-ului (incluzand accesul, [&hellip;]<\/p>\n","protected":false},"author":1,"featured_media":0,"parent":0,"menu_order":0,"comment_status":"closed","ping_status":"closed","template":"","meta":{"_et_pb_use_builder":"","_et_pb_old_content":"","_et_gb_content_width":"","footnotes":""},"class_list":["post-1241","page","type-page","status-publish","hentry"],"_links":{"self":[{"href":"https:\/\/prefbeton.ro\/en\/wp-json\/wp\/v2\/pages\/1241","targetHints":{"allow":["GET"]}}],"collection":[{"href":"https:\/\/prefbeton.ro\/en\/wp-json\/wp\/v2\/pages"}],"about":[{"href":"https:\/\/prefbeton.ro\/en\/wp-json\/wp\/v2\/types\/page"}],"author":[{"embeddable":true,"href":"https:\/\/prefbeton.ro\/en\/wp-json\/wp\/v2\/users\/1"}],"replies":[{"embeddable":true,"href":"https:\/\/prefbeton.ro\/en\/wp-json\/wp\/v2\/comments?post=1241"}],"version-history":[{"count":1,"href":"https:\/\/prefbeton.ro\/en\/wp-json\/wp\/v2\/pages\/1241\/revisions"}],"predecessor-version":[{"id":1725,"href":"https:\/\/prefbeton.ro\/en\/wp-json\/wp\/v2\/pages\/1241\/revisions\/1725"}],"wp:attachment":[{"href":"https:\/\/prefbeton.ro\/en\/wp-json\/wp\/v2\/media?parent=1241"}],"curies":[{"name":"wp","href":"https:\/\/api.w.org\/{rel}","templated":true}]}}