{"id":58,"date":"2016-05-12T08:00:48","date_gmt":"2016-05-12T08:00:48","guid":{"rendered":"https:\/\/www.prefbeton.ro\/?page_id=58"},"modified":"2024-02-05T10:33:30","modified_gmt":"2024-02-05T10:33:30","slug":"prefbeton","status":"publish","type":"page","link":"https:\/\/prefbeton.ro\/en\/prefbeton\/","title":{"rendered":"Prefbeton"},"content":{"rendered":"<p>[et_pb_section fb_built=&#8221;1&#8243; inner_shadow=&#8221;on&#8221; fullwidth=&#8221;on&#8221; custom_padding_last_edited=&#8221;on|desktop&#8221; admin_label=&#8221;Sec\u021biune&#8221; _builder_version=&#8221;4.16&#8243; background_color=&#8221;#ffffff&#8221; background_image=&#8221;https:\/\/www.prefbeton.ro\/wp-content\/uploads\/2016\/05\/prefabricate-beton-banner.jpg&#8221; custom_padding=&#8221;-100px|||&#8221; custom_padding_tablet=&#8221;50px|0|50px|0&#8243; custom_padding_phone=&#8221;&#8221; transparent_background=&#8221;off&#8221; padding_mobile=&#8221;off&#8221; make_fullwidth=&#8221;off&#8221; use_custom_width=&#8221;off&#8221; width_unit=&#8221;on&#8221; custom_width_px=&#8221;1080px&#8221; custom_width_percent=&#8221;80%&#8221; global_colors_info=&#8221;{}&#8221;][et_pb_fullwidth_header title=&#8221;Prefbeton&#8221; subhead=&#8221;Prefbeton Employers&#8217; Organization of Prefabricated Concrete Producers&#8221; content_max_width=&#8221;none&#8221; title_font_color=&#8221;#e07e27&#8243; admin_label=&#8221;Antet cu L\u0103\u021bime Complet\u0103&#8221; _builder_version=&#8221;4.16&#8243; title_font=&#8221;|on|||&#8221; title_text_color=&#8221;#e07e27&#8243; subhead_font=&#8221;|on|||&#8221; background_color=&#8221;rgba(255, 255, 255, 0)&#8221; background_layout=&#8221;light&#8221; button_one_letter_spacing_hover=&#8221;0&#8243; button_two_letter_spacing_hover=&#8221;0&#8243; global_colors_info=&#8221;{}&#8221; button_one_text_size__hover_enabled=&#8221;off&#8221; button_two_text_size__hover_enabled=&#8221;off&#8221; button_one_text_color__hover_enabled=&#8221;off&#8221; button_two_text_color__hover_enabled=&#8221;off&#8221; button_one_border_width__hover_enabled=&#8221;off&#8221; button_two_border_width__hover_enabled=&#8221;off&#8221; button_one_border_color__hover_enabled=&#8221;off&#8221; button_two_border_color__hover_enabled=&#8221;off&#8221; button_one_border_radius__hover_enabled=&#8221;off&#8221; button_two_border_radius__hover_enabled=&#8221;off&#8221; button_one_letter_spacing__hover_enabled=&#8221;on&#8221; button_one_letter_spacing__hover=&#8221;0&#8243; button_two_letter_spacing__hover_enabled=&#8221;on&#8221; button_two_letter_spacing__hover=&#8221;0&#8243; button_one_bg_color__hover_enabled=&#8221;off&#8221; button_two_bg_color__hover_enabled=&#8221;off&#8221;][\/et_pb_fullwidth_header][\/et_pb_section][et_pb_section fb_built=&#8221;1&#8243; custom_padding_last_edited=&#8221;on|desktop&#8221; admin_label=&#8221;section&#8221; _builder_version=&#8221;4.16&#8243; custom_padding_tablet=&#8221;50px|0|50px|0&#8243; custom_padding_phone=&#8221;&#8221; transparent_background=&#8221;off&#8221; padding_mobile=&#8221;off&#8221; make_fullwidth=&#8221;off&#8221; use_custom_width=&#8221;off&#8221; width_unit=&#8221;off&#8221; custom_width_px=&#8221;1080px&#8221; custom_width_percent=&#8221;80%&#8221; global_colors_info=&#8221;{}&#8221;][et_pb_row column_structure=&#8221;2_3,1_3&#8243; padding_mobile=&#8221;off&#8221; column_padding_mobile=&#8221;on&#8221; admin_label=&#8221;R\u00e2nd&#8221; _builder_version=&#8221;4.16&#8243; background_size=&#8221;initial&#8221; background_position=&#8221;top_left&#8221; background_repeat=&#8221;repeat&#8221; make_fullwidth=&#8221;off&#8221; use_custom_width=&#8221;off&#8221; width_unit=&#8221;off&#8221; custom_width_px=&#8221;1080px&#8221; custom_width_percent=&#8221;80%&#8221; global_colors_info=&#8221;{}&#8221;][et_pb_column type=&#8221;2_3&#8243; _builder_version=&#8221;4.16&#8243; custom_padding=&#8221;|||&#8221; global_colors_info=&#8221;{}&#8221; custom_padding__hover=&#8221;|||&#8221;][et_pb_text admin_label=&#8221;Text&#8221; _builder_version=&#8221;4.16&#8243; background_size=&#8221;initial&#8221; background_position=&#8221;top_left&#8221; background_repeat=&#8221;repeat&#8221; use_border_color=&#8221;off&#8221; border_style=&#8221;solid&#8221; global_colors_info=&#8221;{}&#8221;]<\/p>\n<h2><strong>The purpose of the employer organization of precast concrete manufacturers is<\/strong>:<\/h2>\n<ul>\n<li>Promotion of precast concrete products;<br \/> Representation, support and defense of technical, economic and legal interests related to the trade and industry of precast concrete products;<br \/> Developing and encouraging cooperation in the scientific, technical and standardization field;<br \/> Stimulating contacts between specialists in the country.<\/li>\n<\/ul>\n<h2><strong>The main activities carried out by the employers&#8217; organization of the manufacturers of prefabricated concrete are:<\/strong><\/h2>\n<ul>\n<li>studying and adopting the most appropriate measures to solve problems of interest to members, in accordance with the purpose and objectives of the Organization;<\/li>\n<li>representation of members in international bodies to which the organization is affiliated;<\/li>\n<li>organizing conferences, symposia, debates, seminars, exhibitions regarding the sector of precast concrete producers;<\/li>\n<li>publication and editing of studies, publications and technical-informative materials regarding the results of research in the field of precast concrete, internally and internationally;<\/li>\n<li>collaborations with natural and legal persons, economic or research units, design, education, etc., for the realization of some technical, economic or other interests of the members;<\/li>\n<li>participation by representatives in domestic and international manifestations of interest for the field of activity;<\/li>\n<li>participation in the coordination and management structures of the programs with the European Union.<\/li>\n<\/ul>\n<h2><strong>The objectives of the employers&#8217; organization of the manufacturers of prefabricated concrete are:<\/strong><\/h2>\n<ul>\n<li>Representation of members in the promotion, support and defense of professional, technical, economic and legal interests in relation to the Government of Romania, the Parliament of Romania and other institutions of central and local public administration or any other bodies, internally and internationally;<\/li>\n<li>Issuing advisory opinions for initiating and promoting the proposals of normative acts for the regulation of the activity in the sector of interest of the manufacturers of precast concrete;<\/li>\n<li>Organizing or contributing to the organization of congresses, conferences, seminars, meetings and study visits;<\/li>\n<li>Elaboration and dissemination or contributions to the elaboration and dissemination of scientific, technical and promotional documents, in writing or in electronic format;<\/li>\n<li>Financing or contributions to financing, studies or scientific and \/ or technical works, all within the sphere of interest of the organization.<\/li>\n<\/ul>\n<p>[\/et_pb_text][\/et_pb_column][et_pb_column type=&#8221;1_3&#8243; _builder_version=&#8221;4.16&#8243; custom_padding=&#8221;|||&#8221; global_colors_info=&#8221;{}&#8221; custom_padding__hover=&#8221;|||&#8221;][et_pb_text admin_label=&#8221;Text&#8221; _builder_version=&#8221;4.21.0&#8243; background_size=&#8221;initial&#8221; background_position=&#8221;top_left&#8221; background_repeat=&#8221;repeat&#8221; hover_enabled=&#8221;0&#8243; use_border_color=&#8221;off&#8221; border_color=&#8221;#ffffff&#8221; border_style=&#8221;solid&#8221; global_colors_info=&#8221;{}&#8221; sticky_enabled=&#8221;0&#8243;]<\/p>\n<p><span style=\"font-size: 14pt;\"><strong>Board Members<\/strong><\/span><\/p>\n<p>Gabriel Colobatiu \u2013 President<br \/>email: \u00a0<a href=\"mailto:gabriel.colobatiu@somaco.ro\">gabriel.colobatiu@prefbeton.ro<\/a><\/p>\n<p>Bogdan\u00a0Bulgaria &#8211; Vicepresident<br \/>email\u00a0: <a href=\"mailto:bogdan.bulgaria@asacons.ro\">bogdan.bulgaria@asacons.ro<\/a>;<\/p>\n<p>Gabriel Neculae \u2013 membru CD<br \/>email\u00a0: \u00a0<a href=\"mailto:gabriel.neculae@sw-umwelttechnik.ro\">gabriel.neculae@sw-umwelttechnik.ro<\/a><\/p>\n<p>&nbsp;<\/p>\n<p>[\/et_pb_text][et_pb_button button_url=&#8221;https:\/\/prefbeton.ro\/en\/members\/&#8221; button_text=&#8221;See all Prefbeton members&#8221; button_alignment=&#8221;center&#8221; admin_label=&#8221;Buton&#8221; _builder_version=&#8221;4.16&#8243; custom_button=&#8221;on&#8221; button_text_color=&#8221;#ffffff&#8221; button_border_color=&#8221;#ffffff&#8221; button_letter_spacing_hover=&#8221;0&#8243; global_colors_info=&#8221;{}&#8221; button_text_size__hover_enabled=&#8221;off&#8221; button_one_text_size__hover_enabled=&#8221;off&#8221; button_two_text_size__hover_enabled=&#8221;off&#8221; button_text_color__hover_enabled=&#8221;off&#8221; button_one_text_color__hover_enabled=&#8221;off&#8221; button_two_text_color__hover_enabled=&#8221;off&#8221; button_border_width__hover_enabled=&#8221;off&#8221; button_one_border_width__hover_enabled=&#8221;off&#8221; button_two_border_width__hover_enabled=&#8221;off&#8221; button_border_color__hover_enabled=&#8221;off&#8221; button_one_border_color__hover_enabled=&#8221;off&#8221; button_two_border_color__hover_enabled=&#8221;off&#8221; button_border_radius__hover_enabled=&#8221;off&#8221; button_one_border_radius__hover_enabled=&#8221;off&#8221; button_two_border_radius__hover_enabled=&#8221;off&#8221; button_letter_spacing__hover_enabled=&#8221;on&#8221; button_letter_spacing__hover=&#8221;0&#8243; button_one_letter_spacing__hover_enabled=&#8221;off&#8221; button_two_letter_spacing__hover_enabled=&#8221;off&#8221; button_bg_color__hover_enabled=&#8221;off&#8221; button_one_bg_color__hover_enabled=&#8221;off&#8221; button_two_bg_color__hover_enabled=&#8221;off&#8221;] [\/et_pb_button][\/et_pb_column][\/et_pb_row][\/et_pb_section]<\/p>\n","protected":false},"excerpt":{"rendered":"<p>The purpose of the employer organization of precast concrete manufacturers is: Promotion of precast concrete products; Representation, support and defense of technical, economic and legal interests related to the trade and industry of precast concrete products; Developing and encouraging cooperation in the scientific, technical and standardization field; Stimulating contacts between specialists in the country. The [&hellip;]<\/p>\n","protected":false},"author":1,"featured_media":0,"parent":0,"menu_order":0,"comment_status":"closed","ping_status":"closed","template":"","meta":{"_et_pb_use_builder":"on","_et_pb_old_content":"<p><strong>Scopul\u00a0 ASOCIATIEI<\/strong> este:<\/p><ul><li>Promovarea produselor din beton prefabricat;<\/li><li>Reprezentarea, sustinerea si ap\u0103rarea intereselor tehnice, economice si juridice referitoare la comertul si industria produselor din beton prefabricat;<\/li><li>Dezvoltarea \u015fi \u00eencurajarea cooper\u0103rii in domeniul stiin\u0163ific, tehnic \u015fi de \u00a0\u00a0\u00a0\u00a0standardizare;<\/li><li>Stimularea contactelor \u00eentre speciali\u015ftii din \u0163ar\u0103.<\/li><\/ul><p>\u00a0<\/p><p><strong>In acest scop, ASOCIATIA stabile\u015fte urm\u0103toarele obiective:<\/strong><\/p><p>\u00a0<\/p><ul><li>Reprezentarea membrilor in promovarea, sustinerea si apararea intereselor profesionale, tehnice, economice si juridice in raport cu Guvernul Romaniei, Parlamentul Romaniei si cu alte institutii ale administratiei publice centrale si locale sau cu orice alte organisme, pe plan intern si international;<\/li><li>Emiterea de avize consultative pentru initierea si promovarea propunerilor de acte normative pentru reglementarea activitatii din sectorul de interes al produc\u0103torilor de beton prefabricat;<\/li><li>Organizarea sau contributia la organizarea congreselor, conferin\u0163elor, seminariilor, \u00eent\u00e2lnirilor si vizitelor de studii;<\/li><li>Elaborarea \u015fi difuzarea sau contributii la elaborarea \u015fi difuzarea de documente \u015ftiin\u0163ifice, tehnice \u015fi de promovare, \u00een scris sau \u00een format electronic;<\/li><li>Finan\u0163area sau contributii la finan\u0163area, studiilor sau lucr\u0103rilor \u015ftiin\u0163ifice \u015fi\/sau tehnice, toate \u00een sfera de interes a Asocia\u0163iei;<\/li><\/ul><p>Principalele activitati desfasurate de Asocia\u0163ie sunt:<\/p><ul><li>studierea si adoptarea celor mai potrivite masuri pentru rezolvarea problemelor de interes pentru membri, in acord cu scopul si obiectivele Asociatiei;<\/li><li>reprezentarea membrilor in organisme interna\u0163ionale la care asocia\u0163ia este afiliata;<\/li><li>organizarea de conferin\u0163e, simpozioane, dezbateri, seminarii, expozi\u0163ii privind sectorul producatoriilor de beton prefabricat;<\/li><li>publicarea si editarea de studii, publica\u0163ii si materiale cu caracter tehnico- informativ privind rezultatele cercet\u0103rilor in domeniul beton prefabricat, in plan intern si interna\u0163ional;<\/li><li>colaborari cu persoane fizice si juridice, unitati economice sau de cercetare, proiectare, invatamant, etc, pentru realizarea unor interese tehnice, economice sau de alta natura ale membrilor;<\/li><li>participarea prin reprezentan\u0163i la manifestari interne si interna\u0163ionale de interes pentru domeniul de activitate;<\/li><li>participarea in structurile de coordonare si gestionare a programelor cu Uniunea Europeana.<\/li><\/ul>","_et_gb_content_width":"","footnotes":""},"class_list":["post-58","page","type-page","status-publish","hentry"],"_links":{"self":[{"href":"https:\/\/prefbeton.ro\/en\/wp-json\/wp\/v2\/pages\/58","targetHints":{"allow":["GET"]}}],"collection":[{"href":"https:\/\/prefbeton.ro\/en\/wp-json\/wp\/v2\/pages"}],"about":[{"href":"https:\/\/prefbeton.ro\/en\/wp-json\/wp\/v2\/types\/page"}],"author":[{"embeddable":true,"href":"https:\/\/prefbeton.ro\/en\/wp-json\/wp\/v2\/users\/1"}],"replies":[{"embeddable":true,"href":"https:\/\/prefbeton.ro\/en\/wp-json\/wp\/v2\/comments?post=58"}],"version-history":[{"count":2,"href":"https:\/\/prefbeton.ro\/en\/wp-json\/wp\/v2\/pages\/58\/revisions"}],"predecessor-version":[{"id":2596,"href":"https:\/\/prefbeton.ro\/en\/wp-json\/wp\/v2\/pages\/58\/revisions\/2596"}],"wp:attachment":[{"href":"https:\/\/prefbeton.ro\/en\/wp-json\/wp\/v2\/media?parent=58"}],"curies":[{"name":"wp","href":"https:\/\/api.w.org\/{rel}","templated":true}]}}